{"id":1682,"date":"2020-08-17T15:39:05","date_gmt":"2020-08-17T20:39:05","guid":{"rendered":"https:\/\/inmotica.com.co\/quantum\/?page_id=1682"},"modified":"2022-08-25T23:33:53","modified_gmt":"2022-08-26T04:33:53","slug":"password-reset-1","status":"publish","type":"page","link":"https:\/\/inmotica.com.co\/quantum\/?page_id=1682","title":{"rendered":"Password Reset"},"content":{"rendered":"\t\t<div data-elementor-type=\"wp-page\" data-elementor-id=\"1682\" class=\"elementor elementor-1682\" data-elementor-post-type=\"page\">\n\t\t\t\t\t\t<section class=\"elementor-section elementor-top-section elementor-element elementor-element-5f63157 elementor-section-stretched elementor-section-height-full elementor-section-boxed elementor-section-height-default elementor-section-items-middle\" data-id=\"5f63157\" data-element_type=\"section\" data-settings=\"{&quot;stretch_section&quot;:&quot;section-stretched&quot;}\">\n\t\t\t\t\t\t\t<div class=\"elementor-background-overlay\"><\/div>\n\t\t\t\t\t\t\t<div class=\"elementor-container elementor-column-gap-default\">\n\t\t\t\t\t<div class=\"elementor-column elementor-col-100 elementor-top-column elementor-element elementor-element-7ada2f0\" data-id=\"7ada2f0\" data-element_type=\"column\">\n\t\t\t<div class=\"elementor-widget-wrap elementor-element-populated\">\n\t\t\t\t\t\t<div class=\"elementor-element elementor-element-438a46d elementor-widget elementor-widget-image\" data-id=\"438a46d\" data-element_type=\"widget\" data-widget_type=\"image.default\">\n\t\t\t\t<div class=\"elementor-widget-container\">\n\t\t\t\t\t\t\t\t\t\t\t\t\t<img decoding=\"async\" src=\"https:\/\/inmotica.com.co\/quantum\/wp-content\/uploads\/elementor\/thumbs\/quantumb-114-ptt8penjnoaintcz1cp27e0hhnw3dkqol0ahgld3m0.png\" title=\"quantumb-114\" alt=\"quantumb-114\" loading=\"lazy\" \/>\t\t\t\t\t\t\t\t\t\t\t\t\t<\/div>\n\t\t\t\t<\/div>\n\t\t\t\t<div class=\"elementor-element elementor-element-772a546 elementor-widget elementor-widget-text-editor\" data-id=\"772a546\" data-element_type=\"widget\" data-widget_type=\"text-editor.default\">\n\t\t\t\t<div class=\"elementor-widget-container\">\n\t\t\t\t\t\t\t<p><span style=\"color: #ffffff;\">Ingresa tu correo el\u00e9ctronico registado en el sistema para la recuperaci\u00f3n de la contrase\u00f1a.<\/span><\/p>\t\t\t\t\t\t<\/div>\n\t\t\t\t<\/div>\n\t\t\t\t<div class=\"elementor-element elementor-element-5b581b4 elementor-widget elementor-widget-text-editor\" data-id=\"5b581b4\" data-element_type=\"widget\" data-widget_type=\"text-editor.default\">\n\t\t\t\t<div class=\"elementor-widget-container\">\n\t\t\t\t\t\t\t<p><div class=\"swpm-pw-reset-widget-form\">\n    <form id=\"swpm-pw-reset-form\" name=\"swpm-reset-form\" method=\"post\" action=\"\">\n        <div class=\"swpm-pw-reset-widget-inside\">\n            <div class=\"swpm-pw-reset-email swpm-margin-top-10\">\n                <label for=\"swpm_reset_email\" class=\"swpm_label swpm-pw-reset-email-label\">Direcci\u00f3n de correo electr\u00f3nico<\/label>\n            <\/div>\n            <div class=\"swpm-pw-reset-email-input swpm-margin-top-10\">\n                <input type=\"text\" name=\"swpm_reset_email\" class=\"swpm-text-field swpm-pw-reset-text\" id=\"swpm_reset_email\"  value=\"\" size=\"60\" \/>\n            <\/div>\n            <div class=\"swpm-before-login-submit-section\"><\/div>\n            <div class=\"swpm-pw-reset-submit-button\">\n                <input type=\"submit\" name=\"swpm-reset\" class=\"swpm-pw-reset-submit\" value=\"Restablecer la contrase\u00f1a\" \/>\n            <\/div>\n        <\/div>\n    <\/form>\n<\/div>\n<div class=\"swpm_pass_reset_processing_msg_section\">\n    <p id=\"swpm_pass_reset_processing_msg\" hidden=\"hidden\">\n        Processing password reset request&#8230;    <\/p>\n<\/div>\n<script>\n  document.getElementById(\"swpm-pw-reset-form\").addEventListener(\"submit\", function() {\n  let p = document.getElementById('swpm_pass_reset_processing_msg');\n    p.removeAttribute(\"hidden\");\n  });\n<\/script>\n<\/p>\t\t\t\t\t\t<\/div>\n\t\t\t\t<\/div>\n\t\t\t\t<div class=\"elementor-element elementor-element-7c03075 elementor-widget elementor-widget-text-editor\" data-id=\"7c03075\" data-element_type=\"widget\" data-widget_type=\"text-editor.default\">\n\t\t\t\t<div class=\"elementor-widget-container\">\n\t\t\t\t\t\t\t<p><a href=\"https:\/\/inmotica.com.co\/\"><strong><span style=\"font-size: 10pt;\">\u00a9 Todos los derechos Reservados. Dise\u00f1ado por Inm\u00f3tica Ltda. 2022<\/span><\/strong><\/a><\/p>\t\t\t\t\t\t<\/div>\n\t\t\t\t<\/div>\n\t\t\t\t\t<\/div>\n\t\t<\/div>\n\t\t\t\t\t<\/div>\n\t\t<\/section>\n\t\t\t\t<\/div>\n\t\t","protected":false},"excerpt":{"rendered":"<p>Ingresa tu correo el\u00e9ctronico registado en el sistema para la recuperaci\u00f3n de la contrase\u00f1a. \u00a9 Todos los derechos Reservados. Dise\u00f1ado por Inm\u00f3tica Ltda. 2022<\/p>\n","protected":false},"author":1,"featured_media":0,"parent":0,"menu_order":0,"comment_status":"closed","ping_status":"closed","template":"template-microsite.php","meta":{"footnotes":""},"_links":{"self":[{"href":"https:\/\/inmotica.com.co\/quantum\/index.php?rest_route=\/wp\/v2\/pages\/1682"}],"collection":[{"href":"https:\/\/inmotica.com.co\/quantum\/index.php?rest_route=\/wp\/v2\/pages"}],"about":[{"href":"https:\/\/inmotica.com.co\/quantum\/index.php?rest_route=\/wp\/v2\/types\/page"}],"author":[{"embeddable":true,"href":"https:\/\/inmotica.com.co\/quantum\/index.php?rest_route=\/wp\/v2\/users\/1"}],"replies":[{"embeddable":true,"href":"https:\/\/inmotica.com.co\/quantum\/index.php?rest_route=%2Fwp%2Fv2%2Fcomments&post=1682"}],"version-history":[{"count":6,"href":"https:\/\/inmotica.com.co\/quantum\/index.php?rest_route=\/wp\/v2\/pages\/1682\/revisions"}],"predecessor-version":[{"id":2552,"href":"https:\/\/inmotica.com.co\/quantum\/index.php?rest_route=\/wp\/v2\/pages\/1682\/revisions\/2552"}],"wp:attachment":[{"href":"https:\/\/inmotica.com.co\/quantum\/index.php?rest_route=%2Fwp%2Fv2%2Fmedia&parent=1682"}],"curies":[{"name":"wp","href":"https:\/\/api.w.org\/{rel}","templated":true}]}}